{"id":2048,"date":"2023-08-30T07:52:47","date_gmt":"2023-08-30T11:52:47","guid":{"rendered":"https:\/\/nationalcontractglazing.com\/contact\/"},"modified":"2025-11-11T16:34:08","modified_gmt":"2025-11-11T21:34:08","slug":"contact","status":"publish","type":"page","link":"https:\/\/nationalcontractglazing.com\/fr\/contact\/","title":{"rendered":"Contact"},"content":{"rendered":"\t\t<div data-elementor-type=\"wp-page\" data-elementor-id=\"2048\" class=\"elementor elementor-2048 elementor-237\" data-elementor-post-type=\"page\">\n\t\t\t\t\t\t<section class=\"has_eae_slider elementor-section elementor-top-section elementor-element elementor-element-1e9a7a23 elementor-section-height-min-height elementor-section-full_width elementor-section-stretched elementor-section-height-default elementor-section-items-middle\" data-eae-slider=\"9904\" data-dce-background-image-url=\"https:\/\/nationalcontractglazing.com\/wp-content\/uploads\/2023\/08\/contact.jpg\" data-id=\"1e9a7a23\" data-element_type=\"section\" data-e-type=\"section\" data-settings=\"{&quot;background_background&quot;:&quot;classic&quot;,&quot;stretch_section&quot;:&quot;section-stretched&quot;}\">\n\t\t\t\t\t\t<div class=\"elementor-container elementor-column-gap-no\">\n\t\t\t\t\t<div class=\"has_eae_slider elementor-column elementor-col-100 elementor-top-column elementor-element elementor-element-3f45304e\" data-eae-slider=\"96119\" data-id=\"3f45304e\" data-element_type=\"column\" data-e-type=\"column\">\n\t\t\t<div class=\"elementor-widget-wrap elementor-element-populated\">\n\t\t\t\t\t\t<section class=\"has_eae_slider elementor-section elementor-inner-section elementor-element elementor-element-35b65636 elementor-section-full_width elementor-section-height-min-height elementor-section-height-default\" data-eae-slider=\"10216\" data-id=\"35b65636\" data-element_type=\"section\" data-e-type=\"section\">\n\t\t\t\t\t\t<div class=\"elementor-container elementor-column-gap-no\">\n\t\t\t\t\t<div class=\"has_eae_slider elementor-column elementor-col-50 elementor-inner-column elementor-element elementor-element-130e1256 banner_col_left_calc\" data-eae-slider=\"80088\" data-dce-background-image-url=\"https:\/\/nationalcontractglazing.com\/wp-content\/uploads\/2023\/08\/Intersection-13.png\" data-id=\"130e1256\" data-element_type=\"column\" data-e-type=\"column\" data-settings=\"{&quot;background_background&quot;:&quot;classic&quot;}\">\n\t\t\t<div class=\"elementor-widget-wrap elementor-element-populated\">\n\t\t\t\t\t\t<div class=\"elementor-element elementor-element-34bce8e2 elementor-widget elementor-widget-text-editor\" data-id=\"34bce8e2\" data-element_type=\"widget\" data-e-type=\"widget\" data-widget_type=\"text-editor.default\">\n\t\t\t\t<div class=\"elementor-widget-container\">\n\t\t\t\t\t\t\t\t\tContactez-nous\t\t\t\t\t\t\t\t<\/div>\n\t\t\t\t<\/div>\n\t\t\t\t<div class=\"elementor-element elementor-element-37734a93 elementor-widget elementor-widget-heading\" data-id=\"37734a93\" data-element_type=\"widget\" data-e-type=\"widget\" data-widget_type=\"heading.default\">\n\t\t\t\t<div class=\"elementor-widget-container\">\n\t\t\t\t\t<h1 class=\"elementor-heading-title elementor-size-default\">Discutez de <br>votre projet<br> avec nous<\/h1>\t\t\t\t<\/div>\n\t\t\t\t<\/div>\n\t\t\t\t\t<\/div>\n\t\t<\/div>\n\t\t\t\t<div class=\"has_eae_slider elementor-column elementor-col-50 elementor-inner-column elementor-element elementor-element-73dc6d41 elementor-hidden-mobile_extra elementor-hidden-mobile\" data-eae-slider=\"64178\" data-id=\"73dc6d41\" data-element_type=\"column\" data-e-type=\"column\">\n\t\t\t<div class=\"elementor-widget-wrap\">\n\t\t\t\t\t\t\t<\/div>\n\t\t<\/div>\n\t\t\t\t\t<\/div>\n\t\t<\/section>\n\t\t\t\t\t<\/div>\n\t\t<\/div>\n\t\t\t\t\t<\/div>\n\t\t<\/section>\n\t\t\t\t<section class=\"has_eae_slider elementor-section elementor-top-section elementor-element elementor-element-687f411 elementor-section-boxed elementor-section-height-default elementor-section-height-default\" data-eae-slider=\"62815\" data-dce-background-image-url=\"https:\/\/nationalcontractglazing.com\/wp-content\/uploads\/2023\/08\/bg-gris-scaled.jpg\" data-id=\"687f411\" data-element_type=\"section\" data-e-type=\"section\" data-settings=\"{&quot;background_background&quot;:&quot;classic&quot;}\">\n\t\t\t\t\t\t<div class=\"elementor-container elementor-column-gap-default\">\n\t\t\t\t\t<div class=\"has_eae_slider elementor-column elementor-col-100 elementor-top-column elementor-element elementor-element-bd48247\" data-eae-slider=\"22908\" data-id=\"bd48247\" data-element_type=\"column\" data-e-type=\"column\">\n\t\t\t<div class=\"elementor-widget-wrap elementor-element-populated\">\n\t\t\t\t\t\t<div class=\"elementor-element elementor-element-91cc34e elementor-widget elementor-widget-heading\" data-id=\"91cc34e\" data-element_type=\"widget\" data-e-type=\"widget\" data-widget_type=\"heading.default\">\n\t\t\t\t<div class=\"elementor-widget-container\">\n\t\t\t\t\t<h2 class=\"elementor-heading-title elementor-size-default\">Vous aimeriez discuter d\u2019un projet avec nous?<\/h2>\t\t\t\t<\/div>\n\t\t\t\t<\/div>\n\t\t\t\t<div class=\"elementor-element elementor-element-7dd0067 elementor-widget elementor-widget-text-editor\" data-id=\"7dd0067\" data-element_type=\"widget\" data-e-type=\"widget\" data-widget_type=\"text-editor.default\">\n\t\t\t\t<div class=\"elementor-widget-container\">\n\t\t\t\t\t\t\t\t\t<p>Que vous envisagiez de construire un nouveau b\u00e2timent, de r\u00e9nover un espace existant ou d\u2019apporter des am\u00e9liorations esth\u00e9tiques et fonctionnelles, notre \u00e9quipe d\u2019experts est pr\u00eate \u00e0 vous accompagner dans chaque \u00e9tape du processus.<\/p><p>Nous comprenons l\u2019importance de chaque d\u00e9tail dans la r\u00e9alisation d\u2019un projet r\u00e9ussi, et c\u2019est pourquoi nous vous encourageons vivement \u00e0 nous contacter. Que ce soit pour une simple demande d\u2019information, une consultation initiale ou une planification d\u00e9taill\u00e9e, notre \u00e9quipe est l\u00e0 pour vous aider. N\u2019h\u00e9sitez pas \u00e0 remplir le formulaire de contact ci-dessous ou \u00e0 nous appeler directement. Nous sommes impatients de faire de votre projet une r\u00e9alit\u00e9 exceptionnelle.<\/p>\t\t\t\t\t\t\t\t<\/div>\n\t\t\t\t<\/div>\n\t\t\t\t<section class=\"has_eae_slider elementor-section elementor-inner-section elementor-element elementor-element-61060ea elementor-reverse-tablet elementor-reverse-mobile_extra elementor-reverse-mobile elementor-section-boxed elementor-section-height-default elementor-section-height-default\" data-eae-slider=\"76631\" data-id=\"61060ea\" data-element_type=\"section\" data-e-type=\"section\" data-settings=\"{&quot;background_background&quot;:&quot;classic&quot;}\">\n\t\t\t\t\t\t<div class=\"elementor-container elementor-column-gap-default\">\n\t\t\t\t\t<div class=\"has_eae_slider elementor-column elementor-col-50 elementor-inner-column elementor-element elementor-element-505d4cd\" data-eae-slider=\"58877\" data-id=\"505d4cd\" data-element_type=\"column\" data-e-type=\"column\">\n\t\t\t<div class=\"elementor-widget-wrap elementor-element-populated\">\n\t\t\t\t\t\t<div class=\"elementor-element elementor-element-96332a1 elementor-icon-list--layout-traditional elementor-list-item-link-full_width elementor-widget elementor-widget-icon-list\" data-id=\"96332a1\" data-element_type=\"widget\" data-e-type=\"widget\" data-widget_type=\"icon-list.default\">\n\t\t\t\t<div class=\"elementor-widget-container\">\n\t\t\t\t\t\t\t<ul class=\"elementor-icon-list-items\">\n\t\t\t\t\t\t\t<li class=\"elementor-icon-list-item\">\n\t\t\t\t\t\t\t\t\t\t\t<a href=\"https:\/\/goo.gl\/maps\/ubMKmemLRWRMmXEL6\" target=\"_blank\">\n\n\t\t\t\t\t\t\t\t\t\t\t\t<span class=\"elementor-icon-list-icon\">\n\t\t\t\t\t\t\t<svg xmlns=\"http:\/\/www.w3.org\/2000\/svg\" xmlns:xlink=\"http:\/\/www.w3.org\/1999\/xlink\" width=\"87.015\" height=\"87.015\" viewBox=\"0 0 87.015 87.015\"><defs><clipPath id=\"clip-path\"><rect id=\"Rectangle_319\" data-name=\"Rectangle 319\" width=\"87.015\" height=\"87.015\" fill=\"#fff\"><\/rect><\/clipPath><\/defs><g id=\"Group_2097\" data-name=\"Group 2097\" transform=\"translate(-213 -1770)\"><g id=\"Group_2019\" data-name=\"Group 2019\" transform=\"translate(213 1770)\"><g id=\"Group_1976\" data-name=\"Group 1976\" clip-path=\"url(#clip-path)\"><path id=\"Path_1983\" data-name=\"Path 1983\" d=\"M51.6,3.686,84.13,36.22a10.873,10.873,0,0,1,0,15.377L51.6,84.13a10.873,10.873,0,0,1-15.377,0L3.685,51.6a10.873,10.873,0,0,1,0-15.377L36.219,3.686A10.873,10.873,0,0,1,51.6,3.686Z\" transform=\"translate(-0.4 -0.4)\" fill=\"#fff\"><\/path><\/g><\/g><g id=\"location\" transform=\"translate(239.534 1790.082)\"><ellipse id=\"Ellipse_70\" data-name=\"Ellipse 70\" cx=\"3.5\" cy=\"3\" rx=\"3.5\" ry=\"3\" transform=\"translate(13.466 13.921)\" fill=\"#ff0a00\"><\/ellipse><path id=\"Path_2005\" data-name=\"Path 2005\" d=\"M25.9,3C16.584,3,9,10.253,9,19.165c0,4.244,1.935,9.888,5.75,16.776A123.958,123.958,0,0,0,23.2,48.96a3.355,3.355,0,0,0,5.412,0,124.476,124.476,0,0,0,8.452-13.019c3.809-6.885,5.743-12.53,5.743-16.776C42.809,10.253,35.226,3,25.9,3Zm0,23.667A6.762,6.762,0,1,1,32.667,19.9,6.762,6.762,0,0,1,25.9,26.667Z\" transform=\"translate(-9 -3)\" fill=\"#ff0a00\"><\/path><\/g><\/g><\/svg>\t\t\t\t\t\t<\/span>\n\t\t\t\t\t\t\t\t\t\t<span class=\"elementor-icon-list-text\">419, avenue Industrial <br>Ottawa (Ontario) K1G 0Z1<\/span>\n\t\t\t\t\t\t\t\t\t\t\t<\/a>\n\t\t\t\t\t\t\t\t\t<\/li>\n\t\t\t\t\t\t\t\t<li class=\"elementor-icon-list-item\">\n\t\t\t\t\t\t\t\t\t\t\t<a href=\"tel:16137312522\">\n\n\t\t\t\t\t\t\t\t\t\t\t\t<span class=\"elementor-icon-list-icon\">\n\t\t\t\t\t\t\t<svg xmlns=\"http:\/\/www.w3.org\/2000\/svg\" xmlns:xlink=\"http:\/\/www.w3.org\/1999\/xlink\" width=\"87.015\" height=\"87.015\" viewBox=\"0 0 87.015 87.015\"><defs><clipPath id=\"clip-path\"><rect id=\"Rectangle_319\" data-name=\"Rectangle 319\" width=\"87.015\" height=\"87.015\" fill=\"#fff\"><\/rect><\/clipPath><\/defs><g id=\"Group_2098\" data-name=\"Group 2098\" transform=\"translate(-213 -1926)\"><g id=\"Group_2020\" data-name=\"Group 2020\" transform=\"translate(213 1926)\"><g id=\"Group_1976\" data-name=\"Group 1976\" clip-path=\"url(#clip-path)\"><path id=\"Path_1983\" data-name=\"Path 1983\" d=\"M51.6,3.686,84.13,36.22a10.873,10.873,0,0,1,0,15.377L51.6,84.13a10.873,10.873,0,0,1-15.377,0L3.685,51.6a10.873,10.873,0,0,1,0-15.377L36.219,3.686A10.873,10.873,0,0,1,51.6,3.686Z\" transform=\"translate(-0.4 -0.4)\" fill=\"#fff\"><\/path><\/g><\/g><g id=\"telephone-fill\" transform=\"translate(234.514 1947.738)\"><g id=\"Group_2017\" data-name=\"Group 2017\" transform=\"translate(0 0)\"><path id=\"Path_2004\" data-name=\"Path 2004\" d=\"M5.125,1.39a4.745,4.745,0,0,1,7.1.443L17.1,8.1a4.743,4.743,0,0,1,.857,4.062L16.472,18.12a1.844,1.844,0,0,0,.484,1.748l6.681,6.681a1.844,1.844,0,0,0,1.751.484l5.952-1.487A4.745,4.745,0,0,1,35.4,26.4l6.27,4.878a4.744,4.744,0,0,1,.443,7.1L39.3,41.192A7.551,7.551,0,0,1,31.482,43.1,50.668,50.668,0,0,1,12.421,31.082,50.668,50.668,0,0,1,.4,12.024,7.558,7.558,0,0,1,2.314,4.2Z\" transform=\"translate(0.001 -0.002)\" fill=\"#ff0a00\" fill-rule=\"evenodd\"><\/path><\/g><\/g><\/g><\/svg>\t\t\t\t\t\t<\/span>\n\t\t\t\t\t\t\t\t\t\t<span class=\"elementor-icon-list-text\">613 731-2522<\/span>\n\t\t\t\t\t\t\t\t\t\t\t<\/a>\n\t\t\t\t\t\t\t\t\t<\/li>\n\t\t\t\t\t\t\t\t<li class=\"elementor-icon-list-item\">\n\t\t\t\t\t\t\t\t\t\t\t<a href=\"mailto:info@ncg.ca\">\n\n\t\t\t\t\t\t\t\t\t\t\t\t<span class=\"elementor-icon-list-icon\">\n\t\t\t\t\t\t\t<svg xmlns=\"http:\/\/www.w3.org\/2000\/svg\" xmlns:xlink=\"http:\/\/www.w3.org\/1999\/xlink\" width=\"87.015\" height=\"87.015\" viewBox=\"0 0 87.015 87.015\"><defs><clipPath id=\"clip-path\"><rect id=\"Rectangle_319\" data-name=\"Rectangle 319\" width=\"87.015\" height=\"87.015\" fill=\"#fff\"><\/rect><\/clipPath><\/defs><g id=\"Group_2099\" data-name=\"Group 2099\" transform=\"translate(-213 -2082)\"><g id=\"Group_2021\" data-name=\"Group 2021\" transform=\"translate(213 2082)\"><g id=\"Group_1976\" data-name=\"Group 1976\" clip-path=\"url(#clip-path)\"><path id=\"Path_1983\" data-name=\"Path 1983\" d=\"M51.6,3.686,84.13,36.22a10.873,10.873,0,0,1,0,15.377L51.6,84.13a10.873,10.873,0,0,1-15.377,0L3.685,51.6a10.873,10.873,0,0,1,0-15.377L36.219,3.686A10.873,10.873,0,0,1,51.6,3.686Z\" transform=\"translate(-0.4 -0.4)\" fill=\"#fff\"><\/path><\/g><\/g><g id=\"email\" transform=\"translate(236.665 2111.699)\"><path id=\"Path_2006\" data-name=\"Path 2006\" d=\"M36.115,2.333a3.9,3.9,0,0,1,2.869,1.176,3.9,3.9,0,0,1,1.176,2.869V30.454A4.014,4.014,0,0,1,36.115,34.5H4.044a3.9,3.9,0,0,1-2.869-1.176A3.9,3.9,0,0,1,0,30.454V6.377A3.9,3.9,0,0,1,1.176,3.509,3.9,3.9,0,0,1,4.044,2.333Zm0,8.088V6.377L20.033,16.441,4.044,6.377v4.044l15.989,9.969Z\" transform=\"translate(0 -2.333)\" fill=\"#ff0a00\"><\/path><\/g><\/g><\/svg>\t\t\t\t\t\t<\/span>\n\t\t\t\t\t\t\t\t\t\t<span class=\"elementor-icon-list-text\">info@ncg.ac<\/span>\n\t\t\t\t\t\t\t\t\t\t\t<\/a>\n\t\t\t\t\t\t\t\t\t<\/li>\n\t\t\t\t\t\t\t\t<li class=\"elementor-icon-list-item\">\n\t\t\t\t\t\t\t\t\t\t\t<span class=\"elementor-icon-list-icon\">\n\t\t\t\t\t\t\t<svg xmlns=\"http:\/\/www.w3.org\/2000\/svg\" xmlns:xlink=\"http:\/\/www.w3.org\/1999\/xlink\" width=\"87.015\" height=\"87.015\" viewBox=\"0 0 87.015 87.015\"><defs><clipPath id=\"clip-path\"><rect id=\"Rectangle_319\" data-name=\"Rectangle 319\" width=\"87.015\" height=\"87.015\" fill=\"#fff\"><\/rect><\/clipPath><\/defs><g id=\"Group_2100\" data-name=\"Group 2100\" transform=\"translate(-213 -2238)\"><g id=\"Group_2022\" data-name=\"Group 2022\" transform=\"translate(213 2238)\"><g id=\"Group_1976\" data-name=\"Group 1976\" clip-path=\"url(#clip-path)\"><path id=\"Path_1983\" data-name=\"Path 1983\" d=\"M51.6,3.686,84.13,36.22a10.873,10.873,0,0,1,0,15.377L51.6,84.13a10.873,10.873,0,0,1-15.377,0L3.685,51.6a10.873,10.873,0,0,1,0-15.377L36.219,3.686A10.873,10.873,0,0,1,51.6,3.686Z\" transform=\"translate(-0.4 -0.4)\" fill=\"#fff\"><\/path><\/g><\/g><g id=\"clock-fill\" transform=\"translate(233.797 2259.191)\"><g id=\"Group_2018\" data-name=\"Group 2018\" transform=\"translate(0 0)\"><path id=\"Path_2007\" data-name=\"Path 2007\" d=\"M44.774,22.387A22.387,22.387,0,1,1,22.387,0,22.387,22.387,0,0,1,44.774,22.387ZM22.387,9.794a1.4,1.4,0,0,0-2.8,0V25.186a1.4,1.4,0,0,0,.705,1.215L30.088,32a1.4,1.4,0,0,0,1.388-2.429l-9.089-5.194Z\" transform=\"translate(0 0)\" fill=\"#ff0a00\"><\/path><\/g><\/g><\/g><\/svg>\t\t\t\t\t\t<\/span>\n\t\t\t\t\t\t\t\t\t\t<span class=\"elementor-icon-list-text\">Heures d\u2019ouverture <br>Lundi au vendredi<br>  de 8 h \u00e0 16 h 30<\/span>\n\t\t\t\t\t\t\t\t\t<\/li>\n\t\t\t\t\t\t<\/ul>\n\t\t\t\t\t\t<\/div>\n\t\t\t\t<\/div>\n\t\t\t\t\t<\/div>\n\t\t<\/div>\n\t\t\t\t<div class=\"has_eae_slider elementor-column elementor-col-50 elementor-inner-column elementor-element elementor-element-54f8879\" data-eae-slider=\"32655\" data-id=\"54f8879\" data-element_type=\"column\" data-e-type=\"column\">\n\t\t\t<div class=\"elementor-widget-wrap elementor-element-populated\">\n\t\t\t\t\t\t<div class=\"elementor-element elementor-element-8fa53d6 elementor-widget elementor-widget-heading\" data-id=\"8fa53d6\" data-element_type=\"widget\" data-e-type=\"widget\" data-widget_type=\"heading.default\">\n\t\t\t\t<div class=\"elementor-widget-container\">\n\t\t\t\t\t<h2 class=\"elementor-heading-title elementor-size-default\">Contactez-nous<\/h2>\t\t\t\t<\/div>\n\t\t\t\t<\/div>\n\t\t\t\t<div class=\"elementor-element elementor-element-c557624 elementor-button-align-start elementor-widget elementor-widget-form\" data-id=\"c557624\" data-element_type=\"widget\" data-e-type=\"widget\" data-settings=\"{&quot;step_next_label&quot;:&quot;Next&quot;,&quot;step_previous_label&quot;:&quot;Previous&quot;,&quot;button_width&quot;:&quot;100&quot;,&quot;dce_confirm_dialog_enabled&quot;:&quot;no&quot;,&quot;step_type&quot;:&quot;number_text&quot;,&quot;step_icon_shape&quot;:&quot;circle&quot;,&quot;label_icon_size&quot;:{&quot;unit&quot;:&quot;px&quot;,&quot;size&quot;:&quot;&quot;,&quot;sizes&quot;:[]},&quot;field_icon_size&quot;:{&quot;unit&quot;:&quot;px&quot;,&quot;size&quot;:&quot;&quot;,&quot;sizes&quot;:[]}}\" data-widget_type=\"form.default\">\n\t\t\t\t<div class=\"elementor-widget-container\">\n\t\t\t\t\t\t\t<form class=\"elementor-form\" method=\"post\" name=\"Contact \" aria-label=\"Contact \">\n\t\t\t<input type=\"hidden\" name=\"post_id\" value=\"2048\"\/>\n\t\t\t<input type=\"hidden\" name=\"form_id\" value=\"c557624\"\/>\n\t\t\t<input type=\"hidden\" name=\"referer_title\" value=\"\" \/>\n\n\t\t\t\n\t\t\t<div class=\"elementor-form-fields-wrapper elementor-labels-\">\n\t\t\t\t\t\t\t\t<div class=\"elementor-field-type-text elementor-field-group elementor-column elementor-field-group-name elementor-col-100 elementor-field-required\">\n\t\t\t\t\t\t\t\t\t\t\t\t<label for=\"form-field-name\" class=\"elementor-field-label elementor-screen-only\">\n\t\t\t\t\t\t\t\tPr\u00e9nom\t\t\t\t\t\t\t<\/label>\n\t\t\t\t\t\t\t\t\t\t\t\t\t\t<input size=\"1\" type=\"text\" name=\"form_fields[name]\" id=\"form-field-name\" class=\"elementor-field elementor-size-sm  elementor-field-textual\" placeholder=\"Pr\u00e9nom\" required=\"required\">\n\t\t\t\t\t\t\t\t\t\t\t<\/div>\n\t\t\t\t\t\t\t\t<div class=\"elementor-field-type-text elementor-field-group elementor-column elementor-field-group-field_3653882 elementor-col-100 elementor-field-required\">\n\t\t\t\t\t\t\t\t\t\t\t\t<label for=\"form-field-field_3653882\" class=\"elementor-field-label elementor-screen-only\">\n\t\t\t\t\t\t\t\tNom\t\t\t\t\t\t\t<\/label>\n\t\t\t\t\t\t\t\t\t\t\t\t\t\t<input size=\"1\" type=\"text\" name=\"form_fields[field_3653882]\" id=\"form-field-field_3653882\" class=\"elementor-field elementor-size-sm  elementor-field-textual\" placeholder=\"Nom\" required=\"required\">\n\t\t\t\t\t\t\t\t\t\t\t<\/div>\n\t\t\t\t\t\t\t\t<div class=\"elementor-field-type-text elementor-field-group elementor-column elementor-field-group-field_2ea3925 elementor-col-100\">\n\t\t\t\t\t\t\t\t\t\t\t\t<label for=\"form-field-field_2ea3925\" class=\"elementor-field-label elementor-screen-only\">\n\t\t\t\t\t\t\t\tEntreprise\t\t\t\t\t\t\t<\/label>\n\t\t\t\t\t\t\t\t\t\t\t\t\t\t<input size=\"1\" type=\"text\" name=\"form_fields[field_2ea3925]\" id=\"form-field-field_2ea3925\" class=\"elementor-field elementor-size-sm  elementor-field-textual\" placeholder=\"Entreprise\">\n\t\t\t\t\t\t\t\t\t\t\t<\/div>\n\t\t\t\t\t\t\t\t<div class=\"elementor-field-type-email elementor-field-group elementor-column elementor-field-group-email elementor-col-100 elementor-field-required\">\n\t\t\t\t\t\t\t\t\t\t\t\t<label for=\"form-field-email\" class=\"elementor-field-label elementor-screen-only\">\n\t\t\t\t\t\t\t\tCourriel\t\t\t\t\t\t\t<\/label>\n\t\t\t\t\t\t\t\t\t\t\t\t\t\t<input size=\"1\" type=\"email\" name=\"form_fields[email]\" id=\"form-field-email\" class=\"elementor-field elementor-size-sm  elementor-field-textual\" placeholder=\"Courriel\" required=\"required\">\n\t\t\t\t\t\t\t\t\t\t\t<\/div>\n\t\t\t\t\t\t\t\t<div class=\"elementor-field-type-textarea elementor-field-group elementor-column elementor-field-group-message elementor-col-100\">\n\t\t\t\t\t\t\t\t\t\t\t\t<label for=\"form-field-message\" class=\"elementor-field-label elementor-screen-only\">\n\t\t\t\t\t\t\t\tMessage\t\t\t\t\t\t\t<\/label>\n\t\t\t\t\t\t<textarea class=\"elementor-field-textual elementor-field  elementor-size-sm\" name=\"form_fields[message]\" id=\"form-field-message\" rows=\"8\" placeholder=\"Message\"><\/textarea>\t\t\t\t<\/div>\n\t\t\t\t\t\t\t\t<div class=\"elementor-field-type-recaptcha_v3 elementor-field-group elementor-column elementor-field-group-field_a7762b6 elementor-col-100 recaptcha_v3-bottomright\">\n\t\t\t\t\t<div class=\"elementor-field\" id=\"form-field-field_a7762b6\"><div class=\"elementor-g-recaptcha\" data-sitekey=\"6LcFsT0oAAAAAANAQNUyYlhOag0vl3UmA8iA7iyB\" data-type=\"v3\" data-action=\"Form\" data-badge=\"bottomright\" data-size=\"invisible\"><\/div><\/div>\t\t\t\t<\/div>\n\t\t\t\t\t\t\t\t<div class=\"elementor-field-group elementor-column elementor-field-type-submit elementor-col-100 e-form__buttons\">\n\t\t\t\t\t<button class=\"elementor-button elementor-size-sm\" type=\"submit\">\n\t\t\t\t\t\t<span class=\"elementor-button-content-wrapper\">\n\t\t\t\t\t\t\t\t\t\t\t\t\t\t\t\t\t\t\t\t\t\t<span class=\"elementor-button-text\">Envoyer<\/span>\n\t\t\t\t\t\t\t\t\t\t\t\t\t<\/span>\n\t\t\t\t\t<\/button>\n\t\t\t\t<\/div>\n\t\t\t<\/div>\n\t\t<input\n                    class=\"apbct_special_field apbct_email_id__elementor_form\"\n                    name=\"apbct__email_id__elementor_form\"\n                    aria-label=\"apbct__label_id__elementor_form\"\n                    type=\"text\" size=\"30\" maxlength=\"200\" autocomplete=\"off\"\n                    value=\"\"\n                \/><\/form>\n\t\t\t\t\t\t<\/div>\n\t\t\t\t<\/div>\n\t\t\t\t\t<\/div>\n\t\t<\/div>\n\t\t\t\t\t<\/div>\n\t\t<\/section>\n\t\t\t\t<div class=\"elementor-element elementor-element-1576128 motif_img dce_masking-none elementor-widget elementor-widget-image\" data-id=\"1576128\" data-element_type=\"widget\" data-e-type=\"widget\" data-widget_type=\"image.default\">\n\t\t\t\t<div class=\"elementor-widget-container\">\n\t\t\t\t\t\t\t\t\t\t\t\t\t\t\t<img decoding=\"async\" width=\"1\" height=\"1\" src=\"https:\/\/nationalcontractglazing.com\/wp-content\/uploads\/2023\/08\/Motif.svg\" class=\"attachment-large size-large wp-image-388\" alt=\"\" \/>\t\t\t\t\t\t\t\t\t\t\t\t\t\t\t<\/div>\n\t\t\t\t<\/div>\n\t\t\t\t\t<\/div>\n\t\t<\/div>\n\t\t\t\t\t<\/div>\n\t\t<\/section>\n\t\t\t\t<\/div>\n\t\t","protected":false},"excerpt":{"rendered":"<p>Contactez-nous Discutez de votre projet avec nous Vous aimeriez discuter d\u2019un projet avec nous? Que vous envisagiez de construire un nouveau b\u00e2timent, de r\u00e9nover un espace existant ou d\u2019apporter des am\u00e9liorations esth\u00e9tiques et fonctionnelles, notre \u00e9quipe d\u2019experts est pr\u00eate \u00e0 vous accompagner dans chaque \u00e9tape du processus. Nous comprenons l\u2019importance de chaque d\u00e9tail dans la [&hellip;]<\/p>\n","protected":false},"author":1,"featured_media":0,"parent":0,"menu_order":0,"comment_status":"closed","ping_status":"closed","template":"","meta":{"_acf_changed":false,"_seopress_robots_primary_cat":"","_seopress_titles_title":"National Contract Glazing | Coordonn\u00e9es","_seopress_titles_desc":"","_seopress_robots_index":"","inline_featured_image":false,"footnotes":""},"class_list":["post-2048","page","type-page","status-publish","hentry"],"acf":[],"_links":{"self":[{"href":"https:\/\/nationalcontractglazing.com\/fr\/wp-json\/wp\/v2\/pages\/2048","targetHints":{"allow":["GET"]}}],"collection":[{"href":"https:\/\/nationalcontractglazing.com\/fr\/wp-json\/wp\/v2\/pages"}],"about":[{"href":"https:\/\/nationalcontractglazing.com\/fr\/wp-json\/wp\/v2\/types\/page"}],"author":[{"embeddable":true,"href":"https:\/\/nationalcontractglazing.com\/fr\/wp-json\/wp\/v2\/users\/1"}],"replies":[{"embeddable":true,"href":"https:\/\/nationalcontractglazing.com\/fr\/wp-json\/wp\/v2\/comments?post=2048"}],"version-history":[{"count":31,"href":"https:\/\/nationalcontractglazing.com\/fr\/wp-json\/wp\/v2\/pages\/2048\/revisions"}],"predecessor-version":[{"id":2901,"href":"https:\/\/nationalcontractglazing.com\/fr\/wp-json\/wp\/v2\/pages\/2048\/revisions\/2901"}],"wp:attachment":[{"href":"https:\/\/nationalcontractglazing.com\/fr\/wp-json\/wp\/v2\/media?parent=2048"}],"curies":[{"name":"wp","href":"https:\/\/api.w.org\/{rel}","templated":true}]}}