{"id":2008,"date":"2023-08-31T13:09:51","date_gmt":"2023-08-31T17:09:51","guid":{"rendered":"https:\/\/nationalcontractglazing.com\/maconnerie\/"},"modified":"2023-10-03T12:11:07","modified_gmt":"2023-10-03T16:11:07","slug":"maconnerie","status":"publish","type":"page","link":"https:\/\/nationalcontractglazing.com\/fr\/maconnerie\/","title":{"rendered":"Ma\u00e7onnerie"},"content":{"rendered":"\t\t<div data-elementor-type=\"wp-page\" data-elementor-id=\"2008\" class=\"elementor elementor-2008 elementor-732\" data-elementor-post-type=\"page\">\n\t\t\t\t\t\t<section class=\"has_eae_slider elementor-section elementor-top-section elementor-element elementor-element-7593ba9 elementor-section-height-min-height elementor-section-full_width elementor-section-stretched elementor-section-height-default elementor-section-items-middle\" data-eae-slider=\"51869\" data-dce-background-image-url=\"https:\/\/nationalcontractglazing.com\/wp-content\/uploads\/2023\/08\/maconnerie.jpg\" data-id=\"7593ba9\" data-element_type=\"section\" data-settings=\"{&quot;background_background&quot;:&quot;classic&quot;,&quot;stretch_section&quot;:&quot;section-stretched&quot;}\">\n\t\t\t\t\t\t<div class=\"elementor-container elementor-column-gap-no\">\n\t\t\t\t\t<div class=\"has_eae_slider elementor-column elementor-col-100 elementor-top-column elementor-element elementor-element-5cef885\" data-eae-slider=\"12001\" data-id=\"5cef885\" data-element_type=\"column\">\n\t\t\t<div class=\"elementor-widget-wrap elementor-element-populated\">\n\t\t\t\t\t\t<section class=\"has_eae_slider elementor-section elementor-inner-section elementor-element elementor-element-d5e603f elementor-section-full_width elementor-section-height-min-height elementor-section-height-default\" data-eae-slider=\"27235\" data-id=\"d5e603f\" data-element_type=\"section\">\n\t\t\t\t\t\t<div class=\"elementor-container elementor-column-gap-no\">\n\t\t\t\t\t<div class=\"has_eae_slider elementor-column elementor-col-50 elementor-inner-column elementor-element elementor-element-52b91fb banner_col_left_calc\" data-eae-slider=\"34913\" data-dce-background-image-url=\"https:\/\/nationalcontractglazing.com\/wp-content\/uploads\/2023\/08\/Intersection-13.png\" data-id=\"52b91fb\" data-element_type=\"column\" data-settings=\"{&quot;background_background&quot;:&quot;classic&quot;}\">\n\t\t\t<div class=\"elementor-widget-wrap elementor-element-populated\">\n\t\t\t\t\t\t<div class=\"elementor-element elementor-element-b08c746 elementor-widget elementor-widget-text-editor\" data-id=\"b08c746\" data-element_type=\"widget\" data-widget_type=\"text-editor.default\">\n\t\t\t\t<div class=\"elementor-widget-container\">\n\t\t\t\t\t\t\t\t\tMa\u00e7onnerie (NCM)\t\t\t\t\t\t\t\t<\/div>\n\t\t\t\t<\/div>\n\t\t\t\t<div class=\"elementor-element elementor-element-83ffd4c elementor-widget elementor-widget-heading\" data-id=\"83ffd4c\" data-element_type=\"widget\" data-widget_type=\"heading.default\">\n\t\t\t\t<div class=\"elementor-widget-container\">\n\t\t\t\t\t<h1 class=\"elementor-heading-title elementor-size-default\">Durable,<br>\nEsth\u00e9tique et<br>\nFonctionnel<\/h1>\t\t\t\t<\/div>\n\t\t\t\t<\/div>\n\t\t\t\t<div class=\"elementor-element elementor-element-9c512b5 elementor-mobile-align-center elementor-widget elementor-widget-button\" data-id=\"9c512b5\" data-element_type=\"widget\" data-widget_type=\"button.default\">\n\t\t\t\t<div class=\"elementor-widget-container\">\n\t\t\t\t\t\t\t\t\t<div class=\"elementor-button-wrapper\">\n\t\t\t\t\t<a class=\"elementor-button elementor-button-link elementor-size-sm\" href=\"https:\/\/nationalcontractglazing.com\/fr\/contact\/\">\n\t\t\t\t\t\t<span class=\"elementor-button-content-wrapper\">\n\t\t\t\t\t\t\t\t\t<span class=\"elementor-button-text\">Parlez-nous de votre projet<\/span>\n\t\t\t\t\t<\/span>\n\t\t\t\t\t<\/a>\n\t\t\t\t<\/div>\n\t\t\t\t\t\t\t\t<\/div>\n\t\t\t\t<\/div>\n\t\t\t\t\t<\/div>\n\t\t<\/div>\n\t\t\t\t<div class=\"has_eae_slider elementor-column elementor-col-50 elementor-inner-column elementor-element elementor-element-0858922 elementor-hidden-mobile_extra elementor-hidden-mobile\" data-eae-slider=\"24412\" data-id=\"0858922\" data-element_type=\"column\">\n\t\t\t<div class=\"elementor-widget-wrap\">\n\t\t\t\t\t\t\t<\/div>\n\t\t<\/div>\n\t\t\t\t\t<\/div>\n\t\t<\/section>\n\t\t\t\t\t<\/div>\n\t\t<\/div>\n\t\t\t\t\t<\/div>\n\t\t<\/section>\n\t\t\t\t<section class=\"has_eae_slider elementor-section elementor-top-section elementor-element elementor-element-d98d804 elementor-section-boxed elementor-section-height-default elementor-section-height-default\" data-eae-slider=\"49002\" data-dce-background-image-url=\"https:\/\/nationalcontractglazing.com\/wp-content\/uploads\/2023\/08\/bg-gris-scaled.jpg\" data-id=\"d98d804\" data-element_type=\"section\" data-settings=\"{&quot;background_background&quot;:&quot;classic&quot;}\">\n\t\t\t\t\t\t<div class=\"elementor-container elementor-column-gap-default\">\n\t\t\t\t\t<div class=\"has_eae_slider elementor-column elementor-col-100 elementor-top-column elementor-element elementor-element-6740889\" data-eae-slider=\"4126\" data-id=\"6740889\" data-element_type=\"column\">\n\t\t\t<div class=\"elementor-widget-wrap elementor-element-populated\">\n\t\t\t\t\t\t<div class=\"elementor-element elementor-element-e69edcb elementor-widget elementor-widget-heading\" data-id=\"e69edcb\" data-element_type=\"widget\" data-widget_type=\"heading.default\">\n\t\t\t\t<div class=\"elementor-widget-container\">\n\t\t\t\t\t<h2 class=\"elementor-heading-title elementor-size-default\">Notre \u00e9quipe de ma\u00e7on est passionn\u00e9s \npar l\u2019art de la construction <\/h2>\t\t\t\t<\/div>\n\t\t\t\t<\/div>\n\t\t\t\t<div class=\"elementor-element elementor-element-beb3aa7 elementor-widget elementor-widget-text-editor\" data-id=\"beb3aa7\" data-element_type=\"widget\" data-widget_type=\"text-editor.default\">\n\t\t\t\t<div class=\"elementor-widget-container\">\n\t\t\t\t\t\t\t\t\t<p>Notre \u00e9quipe de ma\u00e7ons est passionn\u00e9e par l\u2019art de la construction et fi\u00e8re de son expertise en ma\u00e7onnerie. Nous mettons tout en \u0153uvre pour offrir des solutions durables et esth\u00e9tiquement magnifiques \u00e0 nos clients.<\/p><p>Notre \u00e9quipe de ma\u00e7ons qualifi\u00e9s et exp\u00e9riment\u00e9s se consacre \u00e0 cr\u00e9er des structures solides et fonctionnelles, qu\u2019il s\u2019agisse de r\u00e9novations, de nouvelles constructions ou de projets de restauration. Que ce soit pour des b\u00e2timents commerciaux ou institutionnels, nous avons \u00e0 c\u0153ur de d\u00e9passer les attentes de nos clients et de leur offrir des r\u00e9sultats de qualit\u00e9 sup\u00e9rieure. Confiez-nous vos projets en toute confiance.<\/p>\t\t\t\t\t\t\t\t<\/div>\n\t\t\t\t<\/div>\n\t\t\t\t<div class=\"elementor-element elementor-element-31ab13d elementor-widget elementor-widget-heading\" data-id=\"31ab13d\" data-element_type=\"widget\" data-widget_type=\"heading.default\">\n\t\t\t\t<div class=\"elementor-widget-container\">\n\t\t\t\t\t<h2 class=\"elementor-heading-title elementor-size-default\">Services de ma\u00e7onnerie<\/h2>\t\t\t\t<\/div>\n\t\t\t\t<\/div>\n\t\t\t\t<section class=\"has_eae_slider elementor-section elementor-inner-section elementor-element elementor-element-1cbd9b3 elementor-section-boxed elementor-section-height-default elementor-section-height-default\" data-eae-slider=\"58090\" data-id=\"1cbd9b3\" data-element_type=\"section\">\n\t\t\t\t\t\t<div class=\"elementor-container elementor-column-gap-default\">\n\t\t\t\t\t<div class=\"has_eae_slider elementor-column elementor-col-33 elementor-inner-column elementor-element elementor-element-b34c245\" data-eae-slider=\"58482\" data-id=\"b34c245\" data-element_type=\"column\">\n\t\t\t<div class=\"elementor-widget-wrap elementor-element-populated\">\n\t\t\t\t\t\t<div class=\"elementor-element elementor-element-030118c dce_masking-none elementor-widget elementor-widget-image\" data-id=\"030118c\" data-element_type=\"widget\" data-widget_type=\"image.default\">\n\t\t\t\t<div class=\"elementor-widget-container\">\n\t\t\t\t\t\t\t\t\t\t\t\t\t\t\t<img decoding=\"async\" width=\"1\" height=\"1\" src=\"https:\/\/nationalcontractglazing.com\/wp-content\/uploads\/2023\/08\/Enveloppe-du-batiment.svg\" class=\"attachment-large size-large wp-image-791\" alt=\"\" \/>\t\t\t\t\t\t\t\t\t\t\t\t\t\t\t<\/div>\n\t\t\t\t<\/div>\n\t\t\t\t\t<\/div>\n\t\t<\/div>\n\t\t\t\t<div class=\"has_eae_slider elementor-column elementor-col-33 elementor-inner-column elementor-element elementor-element-5620b2c\" data-eae-slider=\"10137\" data-id=\"5620b2c\" data-element_type=\"column\">\n\t\t\t<div class=\"elementor-widget-wrap elementor-element-populated\">\n\t\t\t\t\t\t<div class=\"elementor-element elementor-element-7d1f341 dce_masking-none elementor-widget elementor-widget-image\" data-id=\"7d1f341\" data-element_type=\"widget\" data-widget_type=\"image.default\">\n\t\t\t\t<div class=\"elementor-widget-container\">\n\t\t\t\t\t\t\t\t\t\t\t\t\t\t\t<img decoding=\"async\" width=\"1\" height=\"1\" src=\"https:\/\/nationalcontractglazing.com\/wp-content\/uploads\/2023\/08\/Installation-1.svg\" class=\"attachment-large size-large wp-image-793\" alt=\"\" \/>\t\t\t\t\t\t\t\t\t\t\t\t\t\t\t<\/div>\n\t\t\t\t<\/div>\n\t\t\t\t\t<\/div>\n\t\t<\/div>\n\t\t\t\t<div class=\"has_eae_slider elementor-column elementor-col-33 elementor-inner-column elementor-element elementor-element-c92412f\" data-eae-slider=\"10198\" data-id=\"c92412f\" data-element_type=\"column\">\n\t\t\t<div class=\"elementor-widget-wrap elementor-element-populated\">\n\t\t\t\t\t\t<div class=\"elementor-element elementor-element-fc211ec dce_masking-none elementor-widget elementor-widget-image\" data-id=\"fc211ec\" data-element_type=\"widget\" data-widget_type=\"image.default\">\n\t\t\t\t<div class=\"elementor-widget-container\">\n\t\t\t\t\t\t\t\t\t\t\t\t\t\t\t<img decoding=\"async\" width=\"1\" height=\"1\" src=\"https:\/\/nationalcontractglazing.com\/wp-content\/uploads\/2023\/08\/Service-de-design-1.svg\" class=\"attachment-large size-large wp-image-795\" alt=\"\" \/>\t\t\t\t\t\t\t\t\t\t\t\t\t\t\t<\/div>\n\t\t\t\t<\/div>\n\t\t\t\t\t<\/div>\n\t\t<\/div>\n\t\t\t\t\t<\/div>\n\t\t<\/section>\n\t\t\t\t<section class=\"has_eae_slider elementor-section elementor-inner-section elementor-element elementor-element-c733d65 elementor-section-boxed elementor-section-height-default elementor-section-height-default\" data-eae-slider=\"10504\" data-id=\"c733d65\" data-element_type=\"section\">\n\t\t\t\t\t\t<div class=\"elementor-container elementor-column-gap-default\">\n\t\t\t\t\t<div class=\"has_eae_slider elementor-column elementor-col-50 elementor-inner-column elementor-element elementor-element-b1dfe39\" data-eae-slider=\"91618\" data-id=\"b1dfe39\" data-element_type=\"column\">\n\t\t\t<div class=\"elementor-widget-wrap elementor-element-populated\">\n\t\t\t\t\t\t<div class=\"elementor-element elementor-element-944b515 dce_masking-none elementor-widget elementor-widget-image\" data-id=\"944b515\" data-element_type=\"widget\" data-widget_type=\"image.default\">\n\t\t\t\t<div class=\"elementor-widget-container\">\n\t\t\t\t\t\t\t\t\t\t\t\t\t\t\t<img loading=\"lazy\" decoding=\"async\" width=\"1\" height=\"1\" src=\"https:\/\/nationalcontractglazing.com\/wp-content\/uploads\/2023\/08\/Dynamique-et-chevronnee-.svg\" class=\"attachment-large size-large wp-image-797\" alt=\"\" \/>\t\t\t\t\t\t\t\t\t\t\t\t\t\t\t<\/div>\n\t\t\t\t<\/div>\n\t\t\t\t\t<\/div>\n\t\t<\/div>\n\t\t\t\t<div class=\"has_eae_slider elementor-column elementor-col-50 elementor-inner-column elementor-element elementor-element-3b7b6ba\" data-eae-slider=\"90955\" data-id=\"3b7b6ba\" data-element_type=\"column\">\n\t\t\t<div class=\"elementor-widget-wrap elementor-element-populated\">\n\t\t\t\t\t\t<div class=\"elementor-element elementor-element-64135ef dce_masking-none elementor-widget elementor-widget-image\" data-id=\"64135ef\" data-element_type=\"widget\" data-widget_type=\"image.default\">\n\t\t\t\t<div class=\"elementor-widget-container\">\n\t\t\t\t\t\t\t\t\t\t\t\t\t\t\t<img loading=\"lazy\" decoding=\"async\" width=\"1\" height=\"1\" src=\"https:\/\/nationalcontractglazing.com\/wp-content\/uploads\/2023\/08\/Commercial-institutionnel-et-residentiel-.svg\" class=\"attachment-large size-large wp-image-799\" alt=\"\" \/>\t\t\t\t\t\t\t\t\t\t\t\t\t\t\t<\/div>\n\t\t\t\t<\/div>\n\t\t\t\t\t<\/div>\n\t\t<\/div>\n\t\t\t\t\t<\/div>\n\t\t<\/section>\n\t\t\t\t\t<\/div>\n\t\t<\/div>\n\t\t\t\t\t<\/div>\n\t\t<\/section>\n\t\t\t\t<section class=\"has_eae_slider elementor-section elementor-top-section elementor-element elementor-element-8af4db2 elementor-section-full_width elementor-section-stretched elementor-section-height-default elementor-section-height-default\" data-eae-slider=\"55896\" data-id=\"8af4db2\" data-element_type=\"section\" data-settings=\"{&quot;stretch_section&quot;:&quot;section-stretched&quot;}\">\n\t\t\t\t\t\t<div class=\"elementor-container elementor-column-gap-no\">\n\t\t\t\t\t<div class=\"has_eae_slider elementor-column elementor-col-100 elementor-top-column elementor-element elementor-element-8bb5e74\" data-eae-slider=\"18968\" data-id=\"8bb5e74\" data-element_type=\"column\">\n\t\t\t<div class=\"elementor-widget-wrap elementor-element-populated\">\n\t\t\t\t\t\t<section class=\"has_eae_slider elementor-section elementor-inner-section elementor-element elementor-element-8481ed0 elementor-section-full_width elementor-section-height-min-height elementor-reverse-mobile_extra elementor-reverse-mobile elementor-section-height-default\" data-eae-slider=\"61067\" data-id=\"8481ed0\" data-element_type=\"section\">\n\t\t\t\t\t\t<div class=\"elementor-container elementor-column-gap-no\">\n\t\t\t\t\t<div class=\"has_eae_slider elementor-column elementor-col-50 elementor-inner-column elementor-element elementor-element-f289d3f\" data-eae-slider=\"70474\" data-dce-background-image-url=\"https:\/\/nationalcontractglazing.com\/wp-content\/uploads\/2023\/08\/Bloc-de-beton-mortier-et-armature.png\" data-id=\"f289d3f\" data-element_type=\"column\" data-settings=\"{&quot;background_background&quot;:&quot;classic&quot;}\">\n\t\t\t<div class=\"elementor-widget-wrap elementor-element-populated\">\n\t\t\t\t\t\t\t<\/div>\n\t\t<\/div>\n\t\t\t\t<div class=\"has_eae_slider elementor-column elementor-col-50 elementor-inner-column elementor-element elementor-element-5122dbe col_right_calc\" data-eae-slider=\"24723\" data-id=\"5122dbe\" data-element_type=\"column\">\n\t\t\t<div class=\"elementor-widget-wrap elementor-element-populated\">\n\t\t\t\t\t\t<div class=\"elementor-element elementor-element-2a76b65 elementor-widget elementor-widget-heading\" data-id=\"2a76b65\" data-element_type=\"widget\" data-widget_type=\"heading.default\">\n\t\t\t\t<div class=\"elementor-widget-container\">\n\t\t\t\t\t<h2 class=\"elementor-heading-title elementor-size-default\">Bloc de b\u00e9ton, mortier et armature<\/h2>\t\t\t\t<\/div>\n\t\t\t\t<\/div>\n\t\t\t\t<div class=\"elementor-element elementor-element-00e1f6f elementor-widget elementor-widget-text-editor\" data-id=\"00e1f6f\" data-element_type=\"widget\" data-widget_type=\"text-editor.default\">\n\t\t\t\t<div class=\"elementor-widget-container\">\n\t\t\t\t\t\t\t\t\tLes blocs de b\u00e9ton, r\u00e9put\u00e9s pour leur r\u00e9sistance et leur durabilit\u00e9, offrent non seulement une structure robuste, mais \u00e9galement une isolation thermique efficace. Notre mortier de haute qualit\u00e9 garantit une liaison solide entre les mat\u00e9riaux, assurant la coh\u00e9rence et la long\u00e9vit\u00e9 de chaque projet. Compl\u00e9tant cet ensemble, nos armatures m\u00e9talliques optimisent la r\u00e9sistance structurelle, cr\u00e9ant ainsi des b\u00e2timents fiables et durables. Que vous construisiez des espaces commerciaux ou des r\u00e9sidences, notre section ma\u00e7onnerie offre les fondations pour des cr\u00e9ations architecturales durables et fonctionnelles.\t\t\t\t\t\t\t\t<\/div>\n\t\t\t\t<\/div>\n\t\t\t\t\t<\/div>\n\t\t<\/div>\n\t\t\t\t\t<\/div>\n\t\t<\/section>\n\t\t\t\t\t<\/div>\n\t\t<\/div>\n\t\t\t\t\t<\/div>\n\t\t<\/section>\n\t\t\t\t<section class=\"has_eae_slider elementor-section elementor-top-section elementor-element elementor-element-7dc1229 elementor-section-full_width elementor-section-stretched elementor-section-height-default elementor-section-height-default\" data-eae-slider=\"70673\" data-dce-background-image-url=\"https:\/\/nationalcontractglazing.com\/wp-content\/uploads\/2023\/08\/bg-gris-scaled.jpg\" data-id=\"7dc1229\" data-element_type=\"section\" data-settings=\"{&quot;stretch_section&quot;:&quot;section-stretched&quot;,&quot;background_background&quot;:&quot;classic&quot;}\">\n\t\t\t\t\t\t<div class=\"elementor-container elementor-column-gap-no\">\n\t\t\t\t\t<div class=\"has_eae_slider elementor-column elementor-col-100 elementor-top-column elementor-element elementor-element-50f3063\" data-eae-slider=\"33151\" data-id=\"50f3063\" data-element_type=\"column\">\n\t\t\t<div class=\"elementor-widget-wrap elementor-element-populated\">\n\t\t\t\t\t\t<section class=\"has_eae_slider elementor-section elementor-inner-section elementor-element elementor-element-da8717e elementor-section-full_width elementor-section-height-min-height elementor-section-height-default\" data-eae-slider=\"2165\" data-id=\"da8717e\" data-element_type=\"section\">\n\t\t\t\t\t\t<div class=\"elementor-container elementor-column-gap-no\">\n\t\t\t\t\t<div class=\"has_eae_slider elementor-column elementor-col-50 elementor-inner-column elementor-element elementor-element-7cb5ffe banner_col_left_calc\" data-eae-slider=\"9970\" data-id=\"7cb5ffe\" data-element_type=\"column\">\n\t\t\t<div class=\"elementor-widget-wrap elementor-element-populated\">\n\t\t\t\t\t\t<div class=\"elementor-element elementor-element-37330b2 elementor-widget elementor-widget-heading\" data-id=\"37330b2\" data-element_type=\"widget\" data-widget_type=\"heading.default\">\n\t\t\t\t<div class=\"elementor-widget-container\">\n\t\t\t\t\t<h2 class=\"elementor-heading-title elementor-size-default\"> Briques en tous genres<\/h2>\t\t\t\t<\/div>\n\t\t\t\t<\/div>\n\t\t\t\t<div class=\"elementor-element elementor-element-d16b6b3 elementor-widget elementor-widget-text-editor\" data-id=\"d16b6b3\" data-element_type=\"widget\" data-widget_type=\"text-editor.default\">\n\t\t\t\t<div class=\"elementor-widget-container\">\n\t\t\t\t\t\t\t\t\tNotre collection diversifi\u00e9e de briques offre un \u00e9ventail infini de possibilit\u00e9s pour donner vie \u00e0 vos id\u00e9es architecturales. Des briques classiques au charme intemporel aux designs contemporains. Qu\u2019il s\u2019agisse de cr\u00e9er une atmosph\u00e8re chaleureuse pour une r\u00e9sidence ou d\u2019apporter une touche artistique \u00e0 un espace commercial, nos gammes de briques sont choisies avec soin pour leur qualit\u00e9 exceptionnelle et leur adaptabilit\u00e9 esth\u00e9tique. D\u00e9couvrez comment chaque brique peut transformer vos projets en cr\u00e9ations architecturales durables et captivantes.\t\t\t\t\t\t\t\t<\/div>\n\t\t\t\t<\/div>\n\t\t\t\t\t<\/div>\n\t\t<\/div>\n\t\t\t\t<div class=\"has_eae_slider elementor-column elementor-col-50 elementor-inner-column elementor-element elementor-element-2a9bf79\" data-eae-slider=\"35328\" data-dce-background-image-url=\"https:\/\/nationalcontractglazing.com\/wp-content\/uploads\/2023\/08\/Briques-en-tous-genres.png\" data-id=\"2a9bf79\" data-element_type=\"column\" data-settings=\"{&quot;background_background&quot;:&quot;classic&quot;}\">\n\t\t\t<div class=\"elementor-widget-wrap elementor-element-populated\">\n\t\t\t\t\t\t\t<\/div>\n\t\t<\/div>\n\t\t\t\t\t<\/div>\n\t\t<\/section>\n\t\t\t\t\t<\/div>\n\t\t<\/div>\n\t\t\t\t\t<\/div>\n\t\t<\/section>\n\t\t\t\t<section class=\"has_eae_slider elementor-section elementor-top-section elementor-element elementor-element-7862b04 elementor-section-full_width elementor-section-stretched elementor-section-height-default elementor-section-height-default\" data-eae-slider=\"51170\" data-id=\"7862b04\" data-element_type=\"section\" data-settings=\"{&quot;stretch_section&quot;:&quot;section-stretched&quot;}\">\n\t\t\t\t\t\t<div class=\"elementor-container elementor-column-gap-no\">\n\t\t\t\t\t<div class=\"has_eae_slider elementor-column elementor-col-100 elementor-top-column elementor-element elementor-element-ecbed0c\" data-eae-slider=\"8055\" data-id=\"ecbed0c\" data-element_type=\"column\">\n\t\t\t<div class=\"elementor-widget-wrap elementor-element-populated\">\n\t\t\t\t\t\t<section class=\"has_eae_slider elementor-section elementor-inner-section elementor-element elementor-element-442429a elementor-section-full_width elementor-section-height-min-height elementor-reverse-mobile_extra elementor-reverse-mobile elementor-section-height-default\" data-eae-slider=\"928\" data-id=\"442429a\" data-element_type=\"section\">\n\t\t\t\t\t\t<div class=\"elementor-container elementor-column-gap-no\">\n\t\t\t\t\t<div class=\"has_eae_slider elementor-column elementor-col-50 elementor-inner-column elementor-element elementor-element-b0337c3\" data-eae-slider=\"39596\" data-dce-background-image-url=\"https:\/\/nationalcontractglazing.com\/wp-content\/uploads\/2023\/08\/Pierres-en-tous-genres.png\" data-id=\"b0337c3\" data-element_type=\"column\" data-settings=\"{&quot;background_background&quot;:&quot;classic&quot;}\">\n\t\t\t<div class=\"elementor-widget-wrap elementor-element-populated\">\n\t\t\t\t\t\t\t<\/div>\n\t\t<\/div>\n\t\t\t\t<div class=\"has_eae_slider elementor-column elementor-col-50 elementor-inner-column elementor-element elementor-element-00f1fde col_right_calc\" data-eae-slider=\"46902\" data-id=\"00f1fde\" data-element_type=\"column\">\n\t\t\t<div class=\"elementor-widget-wrap elementor-element-populated\">\n\t\t\t\t\t\t<div class=\"elementor-element elementor-element-c17b9d0 elementor-widget elementor-widget-heading\" data-id=\"c17b9d0\" data-element_type=\"widget\" data-widget_type=\"heading.default\">\n\t\t\t\t<div class=\"elementor-widget-container\">\n\t\t\t\t\t<h2 class=\"elementor-heading-title elementor-size-default\">Pierres en tous genres<\/h2>\t\t\t\t<\/div>\n\t\t\t\t<\/div>\n\t\t\t\t<div class=\"elementor-element elementor-element-aef9d8d elementor-widget elementor-widget-text-editor\" data-id=\"aef9d8d\" data-element_type=\"widget\" data-widget_type=\"text-editor.default\">\n\t\t\t\t<div class=\"elementor-widget-container\">\n\t\t\t\t\t\t\t\t\tNotre s\u00e9lection raffin\u00e9e de Pierres offre une palette infinie de possibilit\u00e9s pour concr\u00e9tiser vos aspirations architecturales les plus audacieuses. Des pierres naturelles aux finitions soigneusement fa\u00e7onn\u00e9es, chaque pi\u00e8ce incarne l\u2019essence unique de la nature. Que vous souhaitiez insuffler une aura de grandeur \u00e0 une r\u00e9sidence ou ajouter une touche de caract\u00e8re \u00e0 un projet commercial, nos pierres sont choisies avec minutie pour leur qualit\u00e9 et leur capacit\u00e9 \u00e0 transcender les \u00e9poques. D\u00e9couvrez comment chaque pierre peut m\u00e9tamorphoser vos id\u00e9es en \u0153uvres architecturales r\u00e9silientes et captivantes. \t\t\t\t\t\t\t\t<\/div>\n\t\t\t\t<\/div>\n\t\t\t\t\t<\/div>\n\t\t<\/div>\n\t\t\t\t\t<\/div>\n\t\t<\/section>\n\t\t\t\t\t<\/div>\n\t\t<\/div>\n\t\t\t\t\t<\/div>\n\t\t<\/section>\n\t\t\t\t<\/div>\n\t\t","protected":false},"excerpt":{"rendered":"<p>Ma\u00e7onnerie (NCM) Durable, Esth\u00e9tique et Fonctionnel Parlez-nous de votre projet Notre \u00e9quipe de ma\u00e7on est passionn\u00e9s par l\u2019art de la construction Notre \u00e9quipe de ma\u00e7ons est passionn\u00e9e par l\u2019art de la construction et fi\u00e8re de son expertise en ma\u00e7onnerie. Nous mettons tout en \u0153uvre pour offrir des solutions durables et esth\u00e9tiquement magnifiques \u00e0 nos clients. [&hellip;]<\/p>\n","protected":false},"author":1,"featured_media":0,"parent":0,"menu_order":0,"comment_status":"closed","ping_status":"closed","template":"","meta":{"_acf_changed":false,"_seopress_robots_primary_cat":"","_seopress_titles_title":"National Contract Glazing | Ma\u00e7onnerie commerciale","_seopress_titles_desc":"NCG offre de plusieurs produits de ma\u00e7onnerie : Briques, pierres et bloques de b\u00e9ton pour tous vos projets commerciaux \u00e0 Gatineau et Ottawa.","_seopress_robots_index":"","inline_featured_image":false,"footnotes":""},"class_list":["post-2008","page","type-page","status-publish","hentry"],"acf":[],"_links":{"self":[{"href":"https:\/\/nationalcontractglazing.com\/fr\/wp-json\/wp\/v2\/pages\/2008","targetHints":{"allow":["GET"]}}],"collection":[{"href":"https:\/\/nationalcontractglazing.com\/fr\/wp-json\/wp\/v2\/pages"}],"about":[{"href":"https:\/\/nationalcontractglazing.com\/fr\/wp-json\/wp\/v2\/types\/page"}],"author":[{"embeddable":true,"href":"https:\/\/nationalcontractglazing.com\/fr\/wp-json\/wp\/v2\/users\/1"}],"replies":[{"embeddable":true,"href":"https:\/\/nationalcontractglazing.com\/fr\/wp-json\/wp\/v2\/comments?post=2008"}],"version-history":[{"count":5,"href":"https:\/\/nationalcontractglazing.com\/fr\/wp-json\/wp\/v2\/pages\/2008\/revisions"}],"predecessor-version":[{"id":2771,"href":"https:\/\/nationalcontractglazing.com\/fr\/wp-json\/wp\/v2\/pages\/2008\/revisions\/2771"}],"wp:attachment":[{"href":"https:\/\/nationalcontractglazing.com\/fr\/wp-json\/wp\/v2\/media?parent=2008"}],"curies":[{"name":"wp","href":"https:\/\/api.w.org\/{rel}","templated":true}]}}