{"id":1996,"date":"2023-08-31T08:49:10","date_gmt":"2023-08-31T12:49:10","guid":{"rendered":"https:\/\/nationalcontractglazing.com\/revetement\/"},"modified":"2023-10-03T12:12:51","modified_gmt":"2023-10-03T16:12:51","slug":"revetement","status":"publish","type":"page","link":"https:\/\/nationalcontractglazing.com\/fr\/revetement\/","title":{"rendered":"Rev\u00eatement"},"content":{"rendered":"\t\t<div data-elementor-type=\"wp-page\" data-elementor-id=\"1996\" class=\"elementor elementor-1996 elementor-680\" data-elementor-post-type=\"page\">\n\t\t\t\t\t\t<section class=\"has_eae_slider elementor-section elementor-top-section elementor-element elementor-element-2f47518 elementor-section-height-min-height elementor-section-full_width elementor-section-stretched elementor-section-height-default elementor-section-items-middle\" data-eae-slider=\"75733\" data-dce-background-image-url=\"https:\/\/nationalcontractglazing.com\/wp-content\/uploads\/2023\/08\/revetement.jpg\" data-id=\"2f47518\" data-element_type=\"section\" data-e-type=\"section\" data-settings=\"{&quot;background_background&quot;:&quot;classic&quot;,&quot;stretch_section&quot;:&quot;section-stretched&quot;}\">\n\t\t\t\t\t\t<div class=\"elementor-container elementor-column-gap-no\">\n\t\t\t\t\t<div class=\"has_eae_slider elementor-column elementor-col-100 elementor-top-column elementor-element elementor-element-7e96bf2\" data-eae-slider=\"39514\" data-id=\"7e96bf2\" data-element_type=\"column\" data-e-type=\"column\">\n\t\t\t<div class=\"elementor-widget-wrap elementor-element-populated\">\n\t\t\t\t\t\t<section class=\"has_eae_slider elementor-section elementor-inner-section elementor-element elementor-element-944c3f8 elementor-section-full_width elementor-section-height-min-height elementor-section-height-default\" data-eae-slider=\"91176\" data-id=\"944c3f8\" data-element_type=\"section\" data-e-type=\"section\">\n\t\t\t\t\t\t<div class=\"elementor-container elementor-column-gap-no\">\n\t\t\t\t\t<div class=\"has_eae_slider elementor-column elementor-col-50 elementor-inner-column elementor-element elementor-element-32a041b banner_col_left_calc\" data-eae-slider=\"72590\" data-dce-background-image-url=\"https:\/\/nationalcontractglazing.com\/wp-content\/uploads\/2023\/08\/Intersection-13.png\" data-id=\"32a041b\" data-element_type=\"column\" data-e-type=\"column\" data-settings=\"{&quot;background_background&quot;:&quot;classic&quot;}\">\n\t\t\t<div class=\"elementor-widget-wrap elementor-element-populated\">\n\t\t\t\t\t\t<div class=\"elementor-element elementor-element-f459f8a elementor-widget elementor-widget-text-editor\" data-id=\"f459f8a\" data-element_type=\"widget\" data-e-type=\"widget\" data-widget_type=\"text-editor.default\">\n\t\t\t\t<div class=\"elementor-widget-container\">\n\t\t\t\t\t\t\t\t\tRev\u00eatements\t\t\t\t\t\t\t\t<\/div>\n\t\t\t\t<\/div>\n\t\t\t\t<div class=\"elementor-element elementor-element-351951e elementor-widget elementor-widget-heading\" data-id=\"351951e\" data-element_type=\"widget\" data-e-type=\"widget\" data-widget_type=\"heading.default\">\n\t\t\t\t<div class=\"elementor-widget-container\">\n\t\t\t\t\t<h1 class=\"elementor-heading-title elementor-size-default\">L\u2019harmonie entre<br>\nFonctionnalit\u00e9 <br>\net esth\u00e9tique<\/h1>\t\t\t\t<\/div>\n\t\t\t\t<\/div>\n\t\t\t\t<div class=\"elementor-element elementor-element-f224866 elementor-mobile-align-center elementor-widget elementor-widget-button\" data-id=\"f224866\" data-element_type=\"widget\" data-e-type=\"widget\" data-widget_type=\"button.default\">\n\t\t\t\t<div class=\"elementor-widget-container\">\n\t\t\t\t\t\t\t\t\t<div class=\"elementor-button-wrapper\">\n\t\t\t\t\t<a class=\"elementor-button elementor-button-link elementor-size-sm\" href=\"https:\/\/nationalcontractglazing.com\/fr\/contact\/\">\n\t\t\t\t\t\t<span class=\"elementor-button-content-wrapper\">\n\t\t\t\t\t\t\t\t\t<span class=\"elementor-button-text\">Parlez-nous de votre projet<\/span>\n\t\t\t\t\t<\/span>\n\t\t\t\t\t<\/a>\n\t\t\t\t<\/div>\n\t\t\t\t\t\t\t\t<\/div>\n\t\t\t\t<\/div>\n\t\t\t\t\t<\/div>\n\t\t<\/div>\n\t\t\t\t<div class=\"has_eae_slider elementor-column elementor-col-50 elementor-inner-column elementor-element elementor-element-c6d9680 elementor-hidden-mobile_extra elementor-hidden-mobile\" data-eae-slider=\"53092\" data-id=\"c6d9680\" data-element_type=\"column\" data-e-type=\"column\">\n\t\t\t<div class=\"elementor-widget-wrap\">\n\t\t\t\t\t\t\t<\/div>\n\t\t<\/div>\n\t\t\t\t\t<\/div>\n\t\t<\/section>\n\t\t\t\t\t<\/div>\n\t\t<\/div>\n\t\t\t\t\t<\/div>\n\t\t<\/section>\n\t\t\t\t<section class=\"has_eae_slider elementor-section elementor-top-section elementor-element elementor-element-4c2b156 elementor-section-boxed elementor-section-height-default elementor-section-height-default\" data-eae-slider=\"89691\" data-dce-background-image-url=\"https:\/\/nationalcontractglazing.com\/wp-content\/uploads\/2023\/08\/bg-gris-scaled.jpg\" data-id=\"4c2b156\" data-element_type=\"section\" data-e-type=\"section\" data-settings=\"{&quot;background_background&quot;:&quot;classic&quot;}\">\n\t\t\t\t\t\t<div class=\"elementor-container elementor-column-gap-default\">\n\t\t\t\t\t<div class=\"has_eae_slider elementor-column elementor-col-100 elementor-top-column elementor-element elementor-element-e836b13\" data-eae-slider=\"61501\" data-id=\"e836b13\" data-element_type=\"column\" data-e-type=\"column\">\n\t\t\t<div class=\"elementor-widget-wrap elementor-element-populated\">\n\t\t\t\t\t\t<div class=\"elementor-element elementor-element-8d6fa65 elementor-widget elementor-widget-heading\" data-id=\"8d6fa65\" data-element_type=\"widget\" data-e-type=\"widget\" data-widget_type=\"heading.default\">\n\t\t\t\t<div class=\"elementor-widget-container\">\n\t\t\t\t\t<h2 class=\"elementor-heading-title elementor-size-default\">Ajoutez une touche distinctive \n\u00e0 votre b\u00e2timent<\/h2>\t\t\t\t<\/div>\n\t\t\t\t<\/div>\n\t\t\t\t<div class=\"elementor-element elementor-element-6c96261 elementor-widget elementor-widget-text-editor\" data-id=\"6c96261\" data-element_type=\"widget\" data-e-type=\"widget\" data-widget_type=\"text-editor.default\">\n\t\t\t\t<div class=\"elementor-widget-container\">\n\t\t\t\t\t\t\t\t\t<p>D\u00e9couvrez l\u2019harmonie parfaite entre fonctionnalit\u00e9 et esth\u00e9tique. Nos produits de rev\u00eatement ext\u00e9rieur de haute qualit\u00e9 ne sont pas simplement une enveloppe protectrice, mais une d\u00e9claration architecturale. Chaque mat\u00e9riau est choisi avec soin pour r\u00e9sister \u00e0 toute intemp\u00e9rie, tout en ajoutant une touche distinctive \u00e0 chaque structure.<\/p><p>Que vous cherchiez un style unique \u00e0 votre b\u00e2timent ou \u00e0 lui offrir une protection de longue dur\u00e9e, notre gamme de rev\u00eatements ext\u00e9rieurs est con\u00e7ue pour r\u00e9pondre \u00e0 vos besoins. Parcourez nos options et d\u00e9couvrez comment nous pouvons transformer vos id\u00e9es en r\u00e9alit\u00e9 tangible, tout en refl\u00e9tant l\u2019engagement \u00e0 l\u2019excellence qui caract\u00e9rise National Contract Glazing depuis des ann\u00e9es.<\/p>\t\t\t\t\t\t\t\t<\/div>\n\t\t\t\t<\/div>\n\t\t\t\t\t<\/div>\n\t\t<\/div>\n\t\t\t\t\t<\/div>\n\t\t<\/section>\n\t\t\t\t<section class=\"has_eae_slider elementor-section elementor-top-section elementor-element elementor-element-69a81dc elementor-section-full_width elementor-section-stretched elementor-section-height-default elementor-section-height-default\" data-eae-slider=\"81298\" data-id=\"69a81dc\" data-element_type=\"section\" data-e-type=\"section\" data-settings=\"{&quot;stretch_section&quot;:&quot;section-stretched&quot;}\">\n\t\t\t\t\t\t<div class=\"elementor-container elementor-column-gap-no\">\n\t\t\t\t\t<div class=\"has_eae_slider elementor-column elementor-col-100 elementor-top-column elementor-element elementor-element-752937f\" data-eae-slider=\"97506\" data-id=\"752937f\" data-element_type=\"column\" data-e-type=\"column\">\n\t\t\t<div class=\"elementor-widget-wrap elementor-element-populated\">\n\t\t\t\t\t\t<section class=\"has_eae_slider elementor-section elementor-inner-section elementor-element elementor-element-2e014a6 elementor-section-full_width elementor-section-height-min-height elementor-reverse-mobile_extra elementor-reverse-mobile elementor-section-height-default\" data-eae-slider=\"23610\" data-id=\"2e014a6\" data-element_type=\"section\" data-e-type=\"section\">\n\t\t\t\t\t\t<div class=\"elementor-container elementor-column-gap-no\">\n\t\t\t\t\t<div class=\"has_eae_slider elementor-column elementor-col-50 elementor-inner-column elementor-element elementor-element-f351775\" data-eae-slider=\"94944\" data-dce-background-image-url=\"https:\/\/nationalcontractglazing.com\/wp-content\/uploads\/2023\/08\/Panneau-prefabrique-isole.png\" data-id=\"f351775\" data-element_type=\"column\" data-e-type=\"column\" data-settings=\"{&quot;background_background&quot;:&quot;classic&quot;}\">\n\t\t\t<div class=\"elementor-widget-wrap elementor-element-populated\">\n\t\t\t\t\t\t\t<\/div>\n\t\t<\/div>\n\t\t\t\t<div class=\"has_eae_slider elementor-column elementor-col-50 elementor-inner-column elementor-element elementor-element-9d89d13 col_right_calc\" data-eae-slider=\"29508\" data-id=\"9d89d13\" data-element_type=\"column\" data-e-type=\"column\">\n\t\t\t<div class=\"elementor-widget-wrap elementor-element-populated\">\n\t\t\t\t\t\t<div class=\"elementor-element elementor-element-99a353e elementor-widget elementor-widget-heading\" data-id=\"99a353e\" data-element_type=\"widget\" data-e-type=\"widget\" data-widget_type=\"heading.default\">\n\t\t\t\t<div class=\"elementor-widget-container\">\n\t\t\t\t\t<h2 class=\"elementor-heading-title elementor-size-default\">Panneau pr\u00e9fabriqu\u00e9 isol\u00e9<\/h2>\t\t\t\t<\/div>\n\t\t\t\t<\/div>\n\t\t\t\t<div class=\"elementor-element elementor-element-77a6c0e elementor-widget elementor-widget-text-editor\" data-id=\"77a6c0e\" data-element_type=\"widget\" data-e-type=\"widget\" data-widget_type=\"text-editor.default\">\n\t\t\t\t<div class=\"elementor-widget-container\">\n\t\t\t\t\t\t\t\t\tUn rev\u00eatement ext\u00e9rieur en panneaux pr\u00e9fabriqu\u00e9s isol\u00e9s repr\u00e9sente une solution exceptionnelle pour les b\u00e2timents commerciaux \u00e0 la recherche d\u2019efficacit\u00e9 \u00e9nerg\u00e9tique et de rapidit\u00e9 d\u2019installation. Ces panneaux int\u00e8grent \u00e0 la fois l\u2019isolation et le rev\u00eatement ext\u00e9rieur, ce qui renforce l\u2019efficacit\u00e9 thermique du b\u00e2timent et r\u00e9duit les co\u00fbts \u00e9nerg\u00e9tiques. La pr\u00e9fabrication garantit une qualit\u00e9 uniforme et une installation plus rapide sur site, ce qui permet de r\u00e9duire les d\u00e9lais de construction. De plus, ces panneaux offrent une vari\u00e9t\u00e9 d\u2019options esth\u00e9tiques pour r\u00e9pondre aux besoins de conception sp\u00e9cifiques du projet. En r\u00e9sum\u00e9, le rev\u00eatement en panneaux pr\u00e9fabriqu\u00e9s isol\u00e9s allie isolation, durabilit\u00e9 et esth\u00e9tique, faisant de lui un choix judicieux pour les b\u00e2timents commerciaux ax\u00e9s sur l\u2019efficacit\u00e9 et la performance.\t\t\t\t\t\t\t\t<\/div>\n\t\t\t\t<\/div>\n\t\t\t\t\t<\/div>\n\t\t<\/div>\n\t\t\t\t\t<\/div>\n\t\t<\/section>\n\t\t\t\t\t<\/div>\n\t\t<\/div>\n\t\t\t\t\t<\/div>\n\t\t<\/section>\n\t\t\t\t<section class=\"has_eae_slider elementor-section elementor-top-section elementor-element elementor-element-da7310f elementor-section-full_width elementor-section-stretched elementor-section-height-default elementor-section-height-default\" data-eae-slider=\"88860\" data-dce-background-image-url=\"https:\/\/nationalcontractglazing.com\/wp-content\/uploads\/2023\/08\/bg-gris-scaled.jpg\" data-id=\"da7310f\" data-element_type=\"section\" data-e-type=\"section\" data-settings=\"{&quot;stretch_section&quot;:&quot;section-stretched&quot;,&quot;background_background&quot;:&quot;classic&quot;}\">\n\t\t\t\t\t\t<div class=\"elementor-container elementor-column-gap-no\">\n\t\t\t\t\t<div class=\"has_eae_slider elementor-column elementor-col-100 elementor-top-column elementor-element elementor-element-7f84a0e\" data-eae-slider=\"15270\" data-id=\"7f84a0e\" data-element_type=\"column\" data-e-type=\"column\">\n\t\t\t<div class=\"elementor-widget-wrap elementor-element-populated\">\n\t\t\t\t\t\t<section class=\"has_eae_slider elementor-section elementor-inner-section elementor-element elementor-element-2da53d1 elementor-section-full_width elementor-section-height-min-height elementor-section-height-default\" data-eae-slider=\"12826\" data-id=\"2da53d1\" data-element_type=\"section\" data-e-type=\"section\">\n\t\t\t\t\t\t<div class=\"elementor-container elementor-column-gap-no\">\n\t\t\t\t\t<div class=\"has_eae_slider elementor-column elementor-col-50 elementor-inner-column elementor-element elementor-element-afbed1f banner_col_left_calc\" data-eae-slider=\"25526\" data-id=\"afbed1f\" data-element_type=\"column\" data-e-type=\"column\">\n\t\t\t<div class=\"elementor-widget-wrap elementor-element-populated\">\n\t\t\t\t\t\t<div class=\"elementor-element elementor-element-b4b33e6 elementor-widget elementor-widget-heading\" data-id=\"b4b33e6\" data-element_type=\"widget\" data-e-type=\"widget\" data-widget_type=\"heading.default\">\n\t\t\t\t<div class=\"elementor-widget-container\">\n\t\t\t\t\t<h2 class=\"elementor-heading-title elementor-size-default\">Panneau d\u2019aluminium architectural<\/h2>\t\t\t\t<\/div>\n\t\t\t\t<\/div>\n\t\t\t\t<div class=\"elementor-element elementor-element-0cc9bc2 elementor-widget elementor-widget-text-editor\" data-id=\"0cc9bc2\" data-element_type=\"widget\" data-e-type=\"widget\" data-widget_type=\"text-editor.default\">\n\t\t\t\t<div class=\"elementor-widget-container\">\n\t\t\t\t\t\t\t\t\tUn rev\u00eatement ext\u00e9rieur en panneau d\u2019aluminium architectural est le choix id\u00e9al pour les b\u00e2timents commerciaux qui visent \u00e0 allier un style contemporain et une performance exceptionnelle. Ce mat\u00e9riau offre une combinaison unique de l\u00e9g\u00e8ret\u00e9 et de robustesse, r\u00e9sistant aux intemp\u00e9ries, aux chocs et aux d\u00e9formations. Sa versatilit\u00e9 permet de cr\u00e9er des designs novateurs et audacieux, tout en maintenant une excellente durabilit\u00e9 \u00e0 long terme. Le panneau d\u2019aluminium architectural est \u00e9galement reconnu pour sa faible n\u00e9cessit\u00e9 d\u2019entretien, ce qui r\u00e9duit les co\u00fbts \u00e0 long terme. Pour les b\u00e2timents commerciaux qui souhaitent une esth\u00e9tique moderne sans sacrifier la qualit\u00e9 et la r\u00e9sistance, ce rev\u00eatement en aluminium offre une solution parfaite.\t\t\t\t\t\t\t\t<\/div>\n\t\t\t\t<\/div>\n\t\t\t\t\t<\/div>\n\t\t<\/div>\n\t\t\t\t<div class=\"has_eae_slider elementor-column elementor-col-50 elementor-inner-column elementor-element elementor-element-0d3dbb6\" data-eae-slider=\"12848\" data-dce-background-image-url=\"https:\/\/nationalcontractglazing.com\/wp-content\/uploads\/2023\/08\/Panneau-daluminium-architectural.png\" data-id=\"0d3dbb6\" data-element_type=\"column\" data-e-type=\"column\" data-settings=\"{&quot;background_background&quot;:&quot;classic&quot;}\">\n\t\t\t<div class=\"elementor-widget-wrap elementor-element-populated\">\n\t\t\t\t\t\t\t<\/div>\n\t\t<\/div>\n\t\t\t\t\t<\/div>\n\t\t<\/section>\n\t\t\t\t\t<\/div>\n\t\t<\/div>\n\t\t\t\t\t<\/div>\n\t\t<\/section>\n\t\t\t\t<section class=\"has_eae_slider elementor-section elementor-top-section elementor-element elementor-element-66787de elementor-section-full_width elementor-section-stretched elementor-section-height-default elementor-section-height-default\" data-eae-slider=\"22801\" data-id=\"66787de\" data-element_type=\"section\" data-e-type=\"section\" data-settings=\"{&quot;stretch_section&quot;:&quot;section-stretched&quot;}\">\n\t\t\t\t\t\t<div class=\"elementor-container elementor-column-gap-no\">\n\t\t\t\t\t<div class=\"has_eae_slider elementor-column elementor-col-100 elementor-top-column elementor-element elementor-element-00c84f2\" data-eae-slider=\"37291\" data-id=\"00c84f2\" data-element_type=\"column\" data-e-type=\"column\">\n\t\t\t<div class=\"elementor-widget-wrap elementor-element-populated\">\n\t\t\t\t\t\t<section class=\"has_eae_slider elementor-section elementor-inner-section elementor-element elementor-element-10c786e elementor-section-full_width elementor-section-height-min-height elementor-reverse-mobile_extra elementor-reverse-mobile elementor-section-height-default\" data-eae-slider=\"99277\" data-id=\"10c786e\" data-element_type=\"section\" data-e-type=\"section\">\n\t\t\t\t\t\t<div class=\"elementor-container elementor-column-gap-no\">\n\t\t\t\t\t<div class=\"has_eae_slider elementor-column elementor-col-50 elementor-inner-column elementor-element elementor-element-0399f82\" data-eae-slider=\"89210\" data-dce-background-image-url=\"https:\/\/nationalcontractglazing.com\/wp-content\/uploads\/2023\/08\/Revetement-en-acier.png\" data-id=\"0399f82\" data-element_type=\"column\" data-e-type=\"column\" data-settings=\"{&quot;background_background&quot;:&quot;classic&quot;}\">\n\t\t\t<div class=\"elementor-widget-wrap elementor-element-populated\">\n\t\t\t\t\t\t\t<\/div>\n\t\t<\/div>\n\t\t\t\t<div class=\"has_eae_slider elementor-column elementor-col-50 elementor-inner-column elementor-element elementor-element-818758d col_right_calc\" data-eae-slider=\"47509\" data-id=\"818758d\" data-element_type=\"column\" data-e-type=\"column\">\n\t\t\t<div class=\"elementor-widget-wrap elementor-element-populated\">\n\t\t\t\t\t\t<div class=\"elementor-element elementor-element-e08e151 elementor-widget elementor-widget-heading\" data-id=\"e08e151\" data-element_type=\"widget\" data-e-type=\"widget\" data-widget_type=\"heading.default\">\n\t\t\t\t<div class=\"elementor-widget-container\">\n\t\t\t\t\t<h2 class=\"elementor-heading-title elementor-size-default\">Rev\u00eatement en acier<\/h2>\t\t\t\t<\/div>\n\t\t\t\t<\/div>\n\t\t\t\t<div class=\"elementor-element elementor-element-b2646ae elementor-widget elementor-widget-text-editor\" data-id=\"b2646ae\" data-element_type=\"widget\" data-e-type=\"widget\" data-widget_type=\"text-editor.default\">\n\t\t\t\t<div class=\"elementor-widget-container\">\n\t\t\t\t\t\t\t\t\tUn rev\u00eatement ext\u00e9rieur en acier offre une solution optimale pour les b\u00e2timents commerciaux, alliant durabilit\u00e9, esth\u00e9tique et faible entretien. L\u2019acier est reconnu pour sa r\u00e9sistance exceptionnelle aux intemp\u00e9ries, aux UV et aux dommages physiques, garantissant ainsi une protection \u00e0 long terme contre les \u00e9l\u00e9ments. Son poids l\u00e9ger facilite l\u2019installation et r\u00e9duit les charges structurelles. De plus, les options de conception polyvalentes permettent de cr\u00e9er des fa\u00e7ades modernes et \u00e9l\u00e9gantes, r\u00e9pondant aux besoins sp\u00e9cifiques de l\u2019esth\u00e9tique de chaque projet. Avec sa durabilit\u00e9 \u00e0 long terme et son aspect visuel attractif, le rev\u00eatement en acier est un choix judicieux pour les b\u00e2timents commerciaux, offrant un investissement qui r\u00e9siste \u00e0 l\u2019\u00e9preuve du temps.\t\t\t\t\t\t\t\t<\/div>\n\t\t\t\t<\/div>\n\t\t\t\t\t<\/div>\n\t\t<\/div>\n\t\t\t\t\t<\/div>\n\t\t<\/section>\n\t\t\t\t\t<\/div>\n\t\t<\/div>\n\t\t\t\t\t<\/div>\n\t\t<\/section>\n\t\t\t\t<section class=\"has_eae_slider elementor-section elementor-top-section elementor-element elementor-element-e614282 elementor-section-full_width elementor-section-stretched elementor-section-height-default elementor-section-height-default\" data-eae-slider=\"25736\" data-dce-background-image-url=\"https:\/\/nationalcontractglazing.com\/wp-content\/uploads\/2023\/08\/bg-gris-scaled.jpg\" data-id=\"e614282\" data-element_type=\"section\" data-e-type=\"section\" data-settings=\"{&quot;stretch_section&quot;:&quot;section-stretched&quot;,&quot;background_background&quot;:&quot;classic&quot;}\">\n\t\t\t\t\t\t<div class=\"elementor-container elementor-column-gap-no\">\n\t\t\t\t\t<div class=\"has_eae_slider elementor-column elementor-col-100 elementor-top-column elementor-element elementor-element-5ca7cff\" data-eae-slider=\"31853\" data-id=\"5ca7cff\" data-element_type=\"column\" data-e-type=\"column\">\n\t\t\t<div class=\"elementor-widget-wrap elementor-element-populated\">\n\t\t\t\t\t\t<section class=\"has_eae_slider elementor-section elementor-inner-section elementor-element elementor-element-e645e8b elementor-section-full_width elementor-section-height-min-height elementor-section-height-default\" data-eae-slider=\"94679\" data-id=\"e645e8b\" data-element_type=\"section\" data-e-type=\"section\">\n\t\t\t\t\t\t<div class=\"elementor-container elementor-column-gap-no\">\n\t\t\t\t\t<div class=\"has_eae_slider elementor-column elementor-col-50 elementor-inner-column elementor-element elementor-element-94da385 banner_col_left_calc\" data-eae-slider=\"94151\" data-id=\"94da385\" data-element_type=\"column\" data-e-type=\"column\">\n\t\t\t<div class=\"elementor-widget-wrap elementor-element-populated\">\n\t\t\t\t\t\t<div class=\"elementor-element elementor-element-e2895d2 elementor-widget elementor-widget-heading\" data-id=\"e2895d2\" data-element_type=\"widget\" data-e-type=\"widget\" data-widget_type=\"heading.default\">\n\t\t\t\t<div class=\"elementor-widget-container\">\n\t\t\t\t\t<h2 class=\"elementor-heading-title elementor-size-default\">Fibrociment<\/h2>\t\t\t\t<\/div>\n\t\t\t\t<\/div>\n\t\t\t\t<div class=\"elementor-element elementor-element-43add86 elementor-widget elementor-widget-text-editor\" data-id=\"43add86\" data-element_type=\"widget\" data-e-type=\"widget\" data-widget_type=\"text-editor.default\">\n\t\t\t\t<div class=\"elementor-widget-container\">\n\t\t\t\t\t\t\t\t\tPour les b\u00e2timents commerciaux \u00e0 la recherche d\u2019une alliance parfaite entre \u00e9l\u00e9gance et durabilit\u00e9, le rev\u00eatement ext\u00e9rieur en fibrociment se r\u00e9v\u00e8le \u00eatre un choix exceptionnel. Sa polyvalence lui permet de r\u00e9sister avec brio aux d\u00e9fis pos\u00e9s par les intemp\u00e9ries, les rayons UV et les impacts, r\u00e9duisant ainsi les besoins d\u2019entretien tout en pr\u00e9servant une apparence impeccable. Avec sa palette vari\u00e9e de finitions et de couleurs, le fibrociment offre la possibilit\u00e9 de cr\u00e9er des fa\u00e7ades distinctives qui capturent l\u2019essence m\u00eame de votre marque. Robuste et raffin\u00e9, ce rev\u00eatement se place en t\u00eate de liste pour les b\u00e2timents commerciaux d\u00e9sireux de faire une d\u00e9claration visuelle durable et inoubliable.\t\t\t\t\t\t\t\t<\/div>\n\t\t\t\t<\/div>\n\t\t\t\t\t<\/div>\n\t\t<\/div>\n\t\t\t\t<div class=\"has_eae_slider elementor-column elementor-col-50 elementor-inner-column elementor-element elementor-element-bde26e3\" data-eae-slider=\"49469\" data-dce-background-image-url=\"https:\/\/nationalcontractglazing.com\/wp-content\/uploads\/2023\/08\/Fibrociment.png\" data-id=\"bde26e3\" data-element_type=\"column\" data-e-type=\"column\" data-settings=\"{&quot;background_background&quot;:&quot;classic&quot;}\">\n\t\t\t<div class=\"elementor-widget-wrap elementor-element-populated\">\n\t\t\t\t\t\t\t<\/div>\n\t\t<\/div>\n\t\t\t\t\t<\/div>\n\t\t<\/section>\n\t\t\t\t\t<\/div>\n\t\t<\/div>\n\t\t\t\t\t<\/div>\n\t\t<\/section>\n\t\t\t\t<\/div>\n\t\t","protected":false},"excerpt":{"rendered":"<p>Rev\u00eatements L\u2019harmonie entre Fonctionnalit\u00e9 et esth\u00e9tique Parlez-nous de votre projet Ajoutez une touche distinctive \u00e0 votre b\u00e2timent D\u00e9couvrez l\u2019harmonie parfaite entre fonctionnalit\u00e9 et esth\u00e9tique. Nos produits de rev\u00eatement ext\u00e9rieur de haute qualit\u00e9 ne sont pas simplement une enveloppe protectrice, mais une d\u00e9claration architecturale. Chaque mat\u00e9riau est choisi avec soin pour r\u00e9sister \u00e0 toute intemp\u00e9rie, tout [&hellip;]<\/p>\n","protected":false},"author":1,"featured_media":0,"parent":0,"menu_order":0,"comment_status":"closed","ping_status":"closed","template":"","meta":{"_acf_changed":false,"_seopress_robots_primary_cat":"","_seopress_titles_title":"National Contract Glazing | Rev\u00eatement ext\u00e9rieur commercial - Gatineau - Montr\u00e9al","_seopress_titles_desc":"NCG offre des produits de rev\u00eatement ext\u00e9rieur tel que : Panneau pr\u00e9fabriqu\u00e9 isol\u00e9, panneau d&#039;aluminium architectural, rev\u00eatement en acier, fibrociment.","_seopress_robots_index":"","inline_featured_image":false,"footnotes":""},"class_list":["post-1996","page","type-page","status-publish","hentry"],"acf":[],"_links":{"self":[{"href":"https:\/\/nationalcontractglazing.com\/fr\/wp-json\/wp\/v2\/pages\/1996","targetHints":{"allow":["GET"]}}],"collection":[{"href":"https:\/\/nationalcontractglazing.com\/fr\/wp-json\/wp\/v2\/pages"}],"about":[{"href":"https:\/\/nationalcontractglazing.com\/fr\/wp-json\/wp\/v2\/types\/page"}],"author":[{"embeddable":true,"href":"https:\/\/nationalcontractglazing.com\/fr\/wp-json\/wp\/v2\/users\/1"}],"replies":[{"embeddable":true,"href":"https:\/\/nationalcontractglazing.com\/fr\/wp-json\/wp\/v2\/comments?post=1996"}],"version-history":[{"count":5,"href":"https:\/\/nationalcontractglazing.com\/fr\/wp-json\/wp\/v2\/pages\/1996\/revisions"}],"predecessor-version":[{"id":2770,"href":"https:\/\/nationalcontractglazing.com\/fr\/wp-json\/wp\/v2\/pages\/1996\/revisions\/2770"}],"wp:attachment":[{"href":"https:\/\/nationalcontractglazing.com\/fr\/wp-json\/wp\/v2\/media?parent=1996"}],"curies":[{"name":"wp","href":"https:\/\/api.w.org\/{rel}","templated":true}]}}